{"id":2,"date":"2024-12-03T11:48:43","date_gmt":"2024-12-03T10:48:43","guid":{"rendered":"http:\/\/exp-ense.fr\/?page_id=2"},"modified":"2024-12-07T11:16:43","modified_gmt":"2024-12-07T10:16:43","slug":"page-d-exemple","status":"publish","type":"page","link":"https:\/\/exp-ense.fr\/index.php\/page-d-exemple\/","title":{"rendered":"Qui sommes-nous?"},"content":{"rendered":"[et_pb_section fb_built=&#8221;1&#8243; admin_label=&#8221;section&#8221; _builder_version=&#8221;3.22&#8243;][et_pb_row admin_label=&#8221;row&#8221; _builder_version=&#8221;3.25&#8243; background_size=&#8221;initial&#8221; background_position=&#8221;top_left&#8221; background_repeat=&#8221;repeat&#8221;][et_pb_column type=&#8221;4_4&#8243; _builder_version=&#8221;3.25&#8243; custom_padding=&#8221;|||&#8221; custom_padding__hover=&#8221;|||&#8221;][et_pb_text admin_label=&#8221;Text&#8221; _builder_version=&#8221;4.9.10&#8243; background_size=&#8221;initial&#8221; background_position=&#8221;top_left&#8221; background_repeat=&#8221;repeat&#8221; hover_enabled=&#8221;0&#8243; sticky_enabled=&#8221;0&#8243;]<h2 style=\"text-align: center;\"><strong>Qui sommes nous ?<\/strong><\/h2>\n<p>&nbsp;<\/p>\n<p>&nbsp;<\/p>\n<h3>L\u2019association<\/h3>\n<p>L\u2019association \u2026 a pour objet de permettre de favoriser \u00e0 la fois les exp\u00e9rimentations (th\u00e9\u00e2tre interactif\u2026) et les \u00e9changes d\u2019exp\u00e9riences , au sein de divers types de groupes (familles, personnes travaillant ensemble&#8230;), sur les th\u00e8mes quotidiens du \u00ab\u00a0vivre ensemble\u00a0\u00bb avec des outils vivants comme le th\u00e9\u00e2tre interactif , l\u2019intelligence collective\u2026<br \/>L\u2019intention des actions de l\u2019association est de cr\u00e9er un espace \u00e0 la fois s\u00e9curisant, ludique et sinc\u00e8re afin que chacun puisse apporter sa part \u00e0 une am\u00e9lioration collective et\/ou individuelle.<\/p>\n<p>&nbsp;<\/p>\n<h3>Amal<\/h3>\n<p><b><span style=\"font-family: Dyuthi; background-color: transparent;\">Amal A., accompagnante en parentalit\u00e9, je suis \u00e9ducatrice de jeunes enfants de formation initiale. J\u2019anime des ateliers parents-enfants (massage b\u00e9b\u00e9s notamment), et parentalit\u00e9 (th\u00e9\u00e2tre-forum). J\u2019interviens, \u00e9galement, en tant qu\u2019accueillante dans un Lieu d\u2019Accueil Enfants Parents (LAEP).<\/span><\/b><\/p>\n<p><span style=\"color: #000000;\"><span style=\"font-family: Dyuthi;\"><b>Je me suis, par ailleurs, form\u00e9e \u00e0 la communication non violente (CNV) et \u00e0 la gouvernance partag\u00e9e, ce qui me permet d\u2019accompagner les publics que nous accueillons avec Benjamin, dans une dynamique participative, en intelligence collective et dans la coop\u00e9ration.<\/b><\/span><\/span><\/p>\n<p><span style=\"color: #000000;\"><span style=\"font-family: Dyuthi;\"><b>Je suis \u00e9galement maman d\u2019une fille de 10 ans, dont j\u2019apprends aussi \u00e9norm\u00e9ment\u00a0!<\/b><\/span><\/span><\/p>\n<p>&nbsp;<\/p>\n<p>&nbsp;<\/p>\n<h3>Benjamin<\/h3>\n<p>Photo ou Dessin<\/p>\n<p>Benjamin R. est animateur de profession pour la jeunesse (dans le domaine de l\u2019initiation aux arts du cirque, de la magie et du th\u00e9\u00e2tre), apr\u00e8s une premi\u00e8re partie de carri\u00e8re comme ing\u00e9nieur dans le secteur des transports. Il a \u00e9galement co-dirig\u00e9 en 2019-2020 avec Amal un tiers-lieu en m\u00e9tropole Lilloise accueillant des familles avec jeunes enfants et dont les valeurs centrales \u00e9taient l\u2019intelligence collective, la prise de d\u00e9cisions collective, l\u2019interg\u00e9n\u00e9rationnel. Il est par ailleurs p\u00e8re d\u2019une fille de 10 ans.<br \/>Les intervenants ponctuels<br \/>Il arrive que l\u2019association fasse appel \u00e0 des intervenants ext\u00e9rieurs (notamment des acteurs de th\u00e9\u00e2tre pour cr\u00e9er des sc\u00e8nes \u00ab\u00a0pr\u00eates \u00e0 l\u2019emploi\u00a0\u00bb, voir Chapitre \u00ab\u00a0Les s\u00e9ances\/ Formule A\u00a0\u00bb) d\u00e8s lors que ceux-ci adh\u00e8rent \u00e0 ses valeurs et sa charte.<\/p>\n<p><\/p>[\/et_pb_text][\/et_pb_column][\/et_pb_row][\/et_pb_section]","protected":false},"excerpt":{"rendered":"<p>Qui sommes nous ? &nbsp; &nbsp; L\u2019association L\u2019association \u2026 a pour objet de permettre de favoriser \u00e0 la fois les exp\u00e9rimentations (th\u00e9\u00e2tre interactif\u2026) et les \u00e9changes d\u2019exp\u00e9riences , au sein de divers types de groupes (familles, personnes travaillant ensemble&#8230;), sur les th\u00e8mes quotidiens du \u00ab\u00a0vivre ensemble\u00a0\u00bb avec des outils vivants comme le th\u00e9\u00e2tre interactif , [&hellip;]<\/p>\n","protected":false},"author":1,"featured_media":0,"parent":0,"menu_order":0,"comment_status":"closed","ping_status":"closed","template":"","meta":{"_et_pb_use_builder":"on","_et_pb_old_content":"<!-- wp:paragraph -->\n<p>Ceci est une page d\u2019exemple. C\u2019est diff\u00e9rent d\u2019un article de blog parce qu\u2019elle restera au m\u00eame endroit et appara\u00eetra dans la navigation de votre site (dans la plupart des th\u00e8mes). La plupart des gens commencent par une page \u00ab\u00a0\u00c0 propos\u00a0\u00bb qui les pr\u00e9sente aux personnes visitant le site. Cela pourrait ressembler \u00e0 quelque chose comme cela\u00a0:<\/p>\n<!-- \/wp:paragraph -->\n\n<!-- wp:quote -->\n<blockquote class=\"wp-block-quote\"><p>Bonjour\u00a0! Je suis un m\u00e9canicien qui aspire \u00e0 devenir acteur, et voici mon site. J\u2019habite \u00e0 Bordeaux, j\u2019ai un super chien baptis\u00e9 Russell, et j\u2019aime la vodka (ainsi qu\u2019\u00eatre surpris par la pluie soudaine lors de longues balades sur la plage au coucher du soleil).<\/p><\/blockquote>\n<!-- \/wp:quote -->\n\n<!-- wp:paragraph -->\n<p>\u2026ou quelque chose comme cela\u00a0:<\/p>\n<!-- \/wp:paragraph -->\n\n<!-- wp:quote -->\n<blockquote class=\"wp-block-quote\"><p>La soci\u00e9t\u00e9 123 Machin Truc a \u00e9t\u00e9 cr\u00e9\u00e9e en 1971, et n\u2019a cess\u00e9 de proposer au public des machins-trucs de qualit\u00e9 depuis lors. Situ\u00e9e \u00e0 Saint-Remy-en-Bouzemont-Saint-Genest-et-Isson, 123 Machin Truc emploie 2 000 personnes, et fabrique toutes sortes de bidules supers pour la communaut\u00e9 bouzemontoise.<\/p><\/blockquote>\n<!-- \/wp:quote -->\n\n<!-- wp:paragraph -->\n<p>En tant que nouvel utilisateur ou utilisatrice de WordPress, vous devriez vous rendre sur <a href=\"http:\/\/exp-ense.fr\/wp-admin\/\">votre tableau de bord<\/a> pour supprimer cette page et cr\u00e9er de nouvelles pages pour votre contenu. Amusez-vous bien\u00a0!<\/p>\n<!-- \/wp:paragraph -->","_et_gb_content_width":"","footnotes":""},"class_list":["post-2","page","type-page","status-publish","hentry"],"_links":{"self":[{"href":"https:\/\/exp-ense.fr\/index.php\/wp-json\/wp\/v2\/pages\/2","targetHints":{"allow":["GET"]}}],"collection":[{"href":"https:\/\/exp-ense.fr\/index.php\/wp-json\/wp\/v2\/pages"}],"about":[{"href":"https:\/\/exp-ense.fr\/index.php\/wp-json\/wp\/v2\/types\/page"}],"author":[{"embeddable":true,"href":"https:\/\/exp-ense.fr\/index.php\/wp-json\/wp\/v2\/users\/1"}],"replies":[{"embeddable":true,"href":"https:\/\/exp-ense.fr\/index.php\/wp-json\/wp\/v2\/comments?post=2"}],"version-history":[{"count":8,"href":"https:\/\/exp-ense.fr\/index.php\/wp-json\/wp\/v2\/pages\/2\/revisions"}],"predecessor-version":[{"id":138,"href":"https:\/\/exp-ense.fr\/index.php\/wp-json\/wp\/v2\/pages\/2\/revisions\/138"}],"wp:attachment":[{"href":"https:\/\/exp-ense.fr\/index.php\/wp-json\/wp\/v2\/media?parent=2"}],"curies":[{"name":"wp","href":"https:\/\/api.w.org\/{rel}","templated":true}]}}