{"id":13,"date":"2024-12-03T13:50:50","date_gmt":"2024-12-03T12:50:50","guid":{"rendered":"https:\/\/exp-ense.fr\/?page_id=13"},"modified":"2024-12-06T16:50:37","modified_gmt":"2024-12-06T15:50:37","slug":"creez-votre-site-avec-des-blocs","status":"publish","type":"page","link":"https:\/\/exp-ense.fr\/","title":{"rendered":"Accueil"},"content":{"rendered":"[et_pb_section fb_built=&#8221;1&#8243; admin_label=&#8221;section&#8221; _builder_version=&#8221;3.22&#8243;][et_pb_row admin_label=&#8221;row&#8221; _builder_version=&#8221;3.25&#8243; background_size=&#8221;initial&#8221; background_position=&#8221;top_left&#8221; background_repeat=&#8221;repeat&#8221; min_height=&#8221;182.5px&#8221; custom_padding=&#8221;||0px|||&#8221;][et_pb_column type=&#8221;4_4&#8243; _builder_version=&#8221;3.25&#8243; custom_padding=&#8221;|||&#8221; custom_padding__hover=&#8221;|||&#8221;][et_pb_text admin_label=&#8221;Text&#8221; _builder_version=&#8221;4.9.10&#8243; background_size=&#8221;initial&#8221; background_position=&#8221;top_left&#8221; background_repeat=&#8221;repeat&#8221; min_height=&#8221;499.5px&#8221; custom_margin=&#8221;||-548px|||&#8221; custom_padding=&#8221;3px|||||&#8221; inline_fonts=&#8221;Akaya Telivigala&#8221;]<p style=\"text-align: center;\"><span style=\"font-size: xx-large; font-family: Alatsi; font-weight: normal;\"><span style=\"font-family: Akaya Telivigala;\">TH\u00c9\u00c2TRE<\/span> PARTICIPATIF<\/span><\/p>\n<p style=\"text-align: center;\"><span style=\"font-family: Acme; font-weight: normal; font-size: x-large;\">sur le th\u00e8me de la<\/span><\/p>\n<p style=\"text-align: center;\"><span style=\"font-family: Acme; font-weight: normal; font-size: xx-large;\">PARENTALIT\u00c9 !<\/span><\/p>\n<p style=\"text-align: center;\"><\/p>\n<p><\/p>[\/et_pb_text][\/et_pb_column][\/et_pb_row][et_pb_row column_structure=&#8221;1_3,1_3,1_3&#8243; _builder_version=&#8221;4.9.10&#8243; _module_preset=&#8221;default&#8221;][et_pb_column type=&#8221;1_3&#8243; _builder_version=&#8221;4.9.10&#8243; _module_preset=&#8221;default&#8221;][et_pb_image src=&#8221;http:\/\/exp-ense.fr\/wp-content\/uploads\/2024\/12\/image000001.jpg&#8221; title_text=&#8221;image000001&#8243; _builder_version=&#8221;4.9.10&#8243; _module_preset=&#8221;default&#8221; hover_enabled=&#8221;0&#8243; sticky_enabled=&#8221;0&#8243;][\/et_pb_image][\/et_pb_column][et_pb_column type=&#8221;1_3&#8243; _builder_version=&#8221;4.9.10&#8243; _module_preset=&#8221;default&#8221;][et_pb_image src=&#8221;http:\/\/exp-ense.fr\/wp-content\/uploads\/2024\/12\/349296580_1618578011944539_2190533119040643515_n.jpg&#8221; title_text=&#8221;349296580_1618578011944539_2190533119040643515_n&#8221; _builder_version=&#8221;4.9.10&#8243; _module_preset=&#8221;default&#8221; hover_enabled=&#8221;0&#8243; sticky_enabled=&#8221;0&#8243;][\/et_pb_image][\/et_pb_column][et_pb_column type=&#8221;1_3&#8243; _builder_version=&#8221;4.9.10&#8243; _module_preset=&#8221;default&#8221;][et_pb_image src=&#8221;http:\/\/exp-ense.fr\/wp-content\/uploads\/2024\/12\/349155396_956006032406043_5081046932002712140_n-e1733499774250.jpg&#8221; title_text=&#8221;349155396_956006032406043_5081046932002712140_n&#8221; _builder_version=&#8221;4.9.10&#8243; _module_preset=&#8221;default&#8221; min_height=&#8221;208.1px&#8221; custom_padding=&#8221;||0px|||&#8221; hover_enabled=&#8221;0&#8243; sticky_enabled=&#8221;0&#8243;][\/et_pb_image][\/et_pb_column][\/et_pb_row][et_pb_row _builder_version=&#8221;4.9.10&#8243; _module_preset=&#8221;default&#8221;][et_pb_column type=&#8221;4_4&#8243; _builder_version=&#8221;4.9.10&#8243; _module_preset=&#8221;default&#8221;][et_pb_text _builder_version=&#8221;4.9.10&#8243; _module_preset=&#8221;default&#8221; hover_enabled=&#8221;0&#8243; sticky_enabled=&#8221;0&#8243;]<h3 style=\"text-align: center;\"><strong>Pourquoi cet atelier?<\/strong><\/h3>[\/et_pb_text][\/et_pb_column][\/et_pb_row][et_pb_row column_structure=&#8221;1_2,1_2&#8243; _builder_version=&#8221;4.9.10&#8243; _module_preset=&#8221;default&#8221;][et_pb_column type=&#8221;1_2&#8243; _builder_version=&#8221;4.9.10&#8243; _module_preset=&#8221;default&#8221;][et_pb_text _builder_version=&#8221;4.9.10&#8243; _module_preset=&#8221;default&#8221; hover_enabled=&#8221;0&#8243; border_width_all=&#8221;2px&#8221; border_color_all=&#8221;#E02B20&#8243; text_orientation=&#8221;center&#8221; sticky_enabled=&#8221;0&#8243;]<h3 style=\"text-align: center;\"><\/h3>\n<p>=&gt; <strong>pour d\u00e9battre sur un th\u00e8me pr\u00e9cis du quotidien <\/strong><\/p>\n<p>(la s\u00e9paration avec l&#8217;enfant, les \u00e9crans \u00e0 la maison, familles recompos\u00e9es, harc\u00e8lement, deuil, participation des p\u00e8res, les devoirs&#8230;)<\/p>[\/et_pb_text][\/et_pb_column][et_pb_column type=&#8221;1_2&#8243; _builder_version=&#8221;4.9.10&#8243; _module_preset=&#8221;default&#8221;][et_pb_text _builder_version=&#8221;4.9.10&#8243; _module_preset=&#8221;default&#8221; hover_enabled=&#8221;0&#8243; sticky_enabled=&#8221;0&#8243; border_width_all=&#8221;3px&#8221; border_color_all=&#8221;#E02B20&#8243; text_orientation=&#8221;center&#8221;]<p>=&gt;<strong> Pour exp\u00e9rimenter &#8220;en direct&#8221; son propre r\u00f4le<\/strong> (p\u00e8re, m\u00e8re&#8230;)<strong> <\/strong><\/p>\n<p><strong>ou un autre r\u00f4le<\/strong> (enfant, fr\u00e8re, soeur, grand-m\u00e8re&#8230;)<\/p>\n<p>toujours sur des cas fictifs<\/p>[\/et_pb_text][\/et_pb_column][\/et_pb_row][et_pb_row _builder_version=&#8221;4.9.10&#8243; _module_preset=&#8221;default&#8221;][et_pb_column type=&#8221;4_4&#8243; _builder_version=&#8221;4.9.10&#8243; _module_preset=&#8221;default&#8221;][et_pb_text _builder_version=&#8221;4.9.10&#8243; _module_preset=&#8221;default&#8221; hover_enabled=&#8221;0&#8243; sticky_enabled=&#8221;0&#8243; border_width_all=&#8221;3px&#8221; border_color_all=&#8221;#7CDA24&#8243; text_orientation=&#8221;center&#8221;]<h3 style=\"text-align: center;\"><strong>Comment ?<\/strong><\/h3>\n<p style=\"text-align: center;\"><strong><\/strong><\/p>\n<p>=&gt; dans une athmosph\u00e8re de confiance, souvent dr\u00f4le, parfois intense, toujours dans le respect de chacun<\/p>[\/et_pb_text][\/et_pb_column][\/et_pb_row][\/et_pb_section]","protected":false},"excerpt":{"rendered":"<p>TH\u00c9\u00c2TRE PARTICIPATIF sur le th\u00e8me de la PARENTALIT\u00c9 ! Pourquoi cet atelier? =&gt; pour d\u00e9battre sur un th\u00e8me pr\u00e9cis du quotidien (la s\u00e9paration avec l&rsquo;enfant, les \u00e9crans \u00e0 la maison, familles recompos\u00e9es, harc\u00e8lement, deuil, participation des p\u00e8res, les devoirs&#8230;) =&gt; Pour exp\u00e9rimenter \u00ab\u00a0en direct\u00a0\u00bb son propre r\u00f4le (p\u00e8re, m\u00e8re&#8230;) ou un autre r\u00f4le (enfant, fr\u00e8re, [&hellip;]<\/p>\n","protected":false},"author":1,"featured_media":0,"parent":0,"menu_order":0,"comment_status":"closed","ping_status":"closed","template":"","meta":{"_et_pb_use_builder":"on","_et_pb_old_content":"\n\t\t\t\t\t<!-- wp:heading {\"align\":\"wide\",\"fontSize\":\"gigantic\",\"style\":{\"typography\":{\"lineHeight\":\"1.1\"}}} -->\n\t\t\t\t\t<h2 class=\"alignwide has-text-align-wide has-gigantic-font-size\" style=\"line-height:1.1\">Cr\u00e9ez votre site avec des blocs<\/h2>\n\t\t\t\t\t<!-- \/wp:heading -->\n\n\t\t\t\t\t<!-- wp:spacer -->\n\t\t\t\t\t<div style=\"height:100px\" aria-hidden=\"true\" class=\"wp-block-spacer\"><\/div>\n\t\t\t\t\t<!-- \/wp:spacer -->\n\n\t\t\t\t\t<!-- wp:columns {\"verticalAlignment\":\"center\",\"align\":\"wide\",\"className\":\"is-style-twentytwentyone-columns-overlap\"} -->\n\t\t\t\t\t<div class=\"wp-block-columns alignwide are-vertically-aligned-center is-style-twentytwentyone-columns-overlap\"><!-- wp:column {\"verticalAlignment\":\"center\"} -->\n\t\t\t\t\t<div class=\"wp-block-column is-vertically-aligned-center\"><!-- wp:image {\"align\":\"full\",\"sizeSlug\":\"large\"} -->\n\t\t\t\t\t<figure class=\"wp-block-image alignfull size-large\"><img src=\"https:\/\/exp-ense.fr\/wp-content\/themes\/twentytwentyone\/assets\/images\/roses-tremieres-hollyhocks-1884.jpg\" alt=\"\u00ab\u00a0Rose Tr\u00e9mi\u00e8res\u00a0\u00bb par Berthe Morisot\"\/><\/figure>\n\t\t\t\t\t<!-- \/wp:image -->\n\n\t\t\t\t\t<!-- wp:spacer -->\n\t\t\t\t\t<div style=\"height:100px\" aria-hidden=\"true\" class=\"wp-block-spacer\"><\/div>\n\t\t\t\t\t<!-- \/wp:spacer -->\n\n\t\t\t\t\t<!-- wp:image {\"align\":\"full\",\"sizeSlug\":\"large\",\"className\":\"is-style-twentytwentyone-image-frame\"} -->\n\t\t\t\t\t<figure class=\"wp-block-image alignfull size-large is-style-twentytwentyone-image-frame\"><img src=\"https:\/\/exp-ense.fr\/wp-content\/themes\/twentytwentyone\/assets\/images\/in-the-bois-de-boulogne.jpg\" alt=\"\u00ab\u00a0Dans le bois de Boulogne\u00a0\u00bb par Berthe Morisot\"\/><\/figure>\n\t\t\t\t\t<!-- \/wp:image --><\/div>\n\t\t\t\t\t<!-- \/wp:column -->\n\n\t\t\t\t\t<!-- wp:column {\"verticalAlignment\":\"center\"} -->\n\t\t\t\t\t<div class=\"wp-block-column is-vertically-aligned-center\"><!-- wp:spacer -->\n\t\t\t\t\t<div style=\"height:100px\" aria-hidden=\"true\" class=\"wp-block-spacer\"><\/div>\n\t\t\t\t\t<!-- \/wp:spacer -->\n\n\t\t\t\t\t<!-- wp:image {\"sizeSlug\":\"large\",\"className\":\"alignfull size-full is-style-twentytwentyone-border\"} -->\n\t\t\t\t\t<figure class=\"wp-block-image size-large alignfull size-full is-style-twentytwentyone-border\"><img src=\"https:\/\/exp-ense.fr\/wp-content\/themes\/twentytwentyone\/assets\/images\/young-woman-in-mauve.jpg\" alt=\"\u00ab\u00a0Jeune femme en mauve\u00a0\u00bb par Berthe Morisot\"\/><\/figure>\n\t\t\t\t\t<!-- \/wp:image --><\/div>\n\t\t\t\t\t<!-- \/wp:column --><\/div>\n\t\t\t\t\t<!-- \/wp:columns -->\n\n\t\t\t\t\t<!-- wp:spacer {\"height\":50} -->\n\t\t\t\t\t<div style=\"height:50px\" aria-hidden=\"true\" class=\"wp-block-spacer\"><\/div>\n\t\t\t\t\t<!-- \/wp:spacer -->\n\n\t\t\t\t\t<!-- wp:columns {\"verticalAlignment\":\"top\",\"align\":\"wide\"} -->\n\t\t\t\t\t<div class=\"wp-block-columns alignwide are-vertically-aligned-top\"><!-- wp:column {\"verticalAlignment\":\"top\"} -->\n\t\t\t\t\t<div class=\"wp-block-column is-vertically-aligned-top\"><!-- wp:heading {\"level\":3} -->\n\t\t\t\t\t<h3>Ajouter des compositions de blocs<\/h3>\n\t\t\t\t\t<!-- \/wp:heading -->\n\n\t\t\t\t\t<!-- wp:paragraph -->\n\t\t\t\t\t<p>Les compositions de blocs sont des groupes de blocs pr\u00e9-con\u00e7us. Pour en ajouter un, s\u00e9lectionnez le bouton Ajouter un bloc [+] dans la barre d\u2019outils en haut de l\u2019\u00e9diteur. Passez \u00e0 l\u2019onglet Compositions sous la barre de recherche, et choisissez une composition.<\/p>\n\t\t\t\t\t<!-- \/wp:paragraph --><\/div>\n\t\t\t\t\t<!-- \/wp:column -->\n\n\t\t\t\t\t<!-- wp:column {\"verticalAlignment\":\"top\"} -->\n\t\t\t\t\t<div class=\"wp-block-column is-vertically-aligned-top\"><!-- wp:heading {\"level\":3} -->\n\t\t\t\t\t<h3>Encadrez vos images<\/h3>\n\t\t\t\t\t<!-- \/wp:heading -->\n\n\t\t\t\t\t<!-- wp:paragraph -->\n\t\t\t\t\t<p>Twenty Twenty-One inclut de sublimes bordures pour votre contenu. Avec un bloc d\u2019image s\u00e9lectionn\u00e9, ouvrez le panneau \u00ab\u00a0Styles\u00a0\u00bb dans la barre lat\u00e9rale de l\u2019\u00e9diteur. S\u00e9lectionnez le style de bloc \u00ab\u00a0Cadre\u00a0\u00bb pour l\u2019activer.<\/p>\n\t\t\t\t\t<!-- \/wp:paragraph --><\/div>\n\t\t\t\t\t<!-- \/wp:column -->\n\n\t\t\t\t\t<!-- wp:column {\"verticalAlignment\":\"top\"} -->\n\t\t\t\t\t<div class=\"wp-block-column is-vertically-aligned-top\"><!-- wp:heading {\"level\":3} -->\n\t\t\t\t\t<h3>Colonnes se chevauchant<\/h3>\n\t\t\t\t\t<!-- \/wp:heading -->\n\n\t\t\t\t\t<!-- wp:paragraph -->\n\t\t\t\t\t<p>Twenty Twenty-One inclut \u00e9galement un style \u00ab\u00a0chevauchement\u00a0\u00bb pour le bloc colonnes. S\u00e9lectionnez un bloc colonnes puis ouvrez le panneau \u00ab\u00a0styles\u00a0\u00bb dans la barre lat\u00e9rale de l\u2019\u00e9diteur. S\u00e9lectionnez le style de bloc \u00ab\u00a0chevauchement\u00a0\u00bb pour l\u2019essayer.<\/p>\n\t\t\t\t\t<!-- \/wp:paragraph --><\/div>\n\t\t\t\t\t<!-- \/wp:column --><\/div>\n\t\t\t\t\t<!-- \/wp:columns -->\n\n\t\t\t\t\t<!-- wp:spacer -->\n\t\t\t\t\t<div style=\"height:100px\" aria-hidden=\"true\" class=\"wp-block-spacer\"><\/div>\n\t\t\t\t\t<!-- \/wp:spacer -->\n\n\t\t\t\t\t<!-- wp:cover {\"overlayColor\":\"green\",\"contentPosition\":\"center center\",\"align\":\"wide\",\"className\":\"is-style-twentytwentyone-border\"} -->\n\t\t\t\t\t<div class=\"wp-block-cover alignwide has-green-background-color has-background-dim is-style-twentytwentyone-border\"><div class=\"wp-block-cover__inner-container\"><!-- wp:spacer {\"height\":20} -->\n\t\t\t\t\t<div style=\"height:20px\" aria-hidden=\"true\" class=\"wp-block-spacer\"><\/div>\n\t\t\t\t\t<!-- \/wp:spacer -->\n\n\t\t\t\t\t<!-- wp:paragraph {\"fontSize\":\"huge\"} -->\n\t\t\t\t\t<p class=\"has-huge-font-size\">Besoin d\u2019aide\u00a0?<\/p>\n\t\t\t\t\t<!-- \/wp:paragraph -->\n\n\t\t\t\t\t<!-- wp:spacer {\"height\":75} -->\n\t\t\t\t\t<div style=\"height:75px\" aria-hidden=\"true\" class=\"wp-block-spacer\"><\/div>\n\t\t\t\t\t<!-- \/wp:spacer -->\n\n\t\t\t\t\t<!-- wp:columns -->\n\t\t\t\t\t<div class=\"wp-block-columns\"><!-- wp:column -->\n\t\t\t\t\t<div class=\"wp-block-column\"><!-- wp:paragraph -->\n\t\t\t\t\t<p><a href=\"https:\/\/wordpress.org\/support\/article\/twenty-twenty-one\/\">Lire la documentation du th\u00e8me<\/a><\/p>\n\t\t\t\t\t<!-- \/wp:paragraph --><\/div>\n\t\t\t\t\t<!-- \/wp:column -->\n\n\t\t\t\t\t<!-- wp:column -->\n\t\t\t\t\t<div class=\"wp-block-column\"><!-- wp:paragraph -->\n\t\t\t\t\t<p><a href=\"https:\/\/wordpress.org\/support\/theme\/twentytwentyone\/\">Consulter les forums de support<\/a><\/p>\n\t\t\t\t\t<!-- \/wp:paragraph --><\/div>\n\t\t\t\t\t<!-- \/wp:column --><\/div>\n\t\t\t\t\t<!-- \/wp:columns -->\n\n\t\t\t\t\t<!-- wp:spacer {\"height\":20} -->\n\t\t\t\t\t<div style=\"height:20px\" aria-hidden=\"true\" class=\"wp-block-spacer\"><\/div>\n\t\t\t\t\t<!-- \/wp:spacer --><\/div><\/div>\n\t\t\t\t\t<!-- \/wp:cover -->","_et_gb_content_width":"","footnotes":""},"class_list":["post-13","page","type-page","status-publish","hentry"],"_links":{"self":[{"href":"https:\/\/exp-ense.fr\/index.php\/wp-json\/wp\/v2\/pages\/13","targetHints":{"allow":["GET"]}}],"collection":[{"href":"https:\/\/exp-ense.fr\/index.php\/wp-json\/wp\/v2\/pages"}],"about":[{"href":"https:\/\/exp-ense.fr\/index.php\/wp-json\/wp\/v2\/types\/page"}],"author":[{"embeddable":true,"href":"https:\/\/exp-ense.fr\/index.php\/wp-json\/wp\/v2\/users\/1"}],"replies":[{"embeddable":true,"href":"https:\/\/exp-ense.fr\/index.php\/wp-json\/wp\/v2\/comments?post=13"}],"version-history":[{"count":11,"href":"https:\/\/exp-ense.fr\/index.php\/wp-json\/wp\/v2\/pages\/13\/revisions"}],"predecessor-version":[{"id":97,"href":"https:\/\/exp-ense.fr\/index.php\/wp-json\/wp\/v2\/pages\/13\/revisions\/97"}],"wp:attachment":[{"href":"https:\/\/exp-ense.fr\/index.php\/wp-json\/wp\/v2\/media?parent=13"}],"curies":[{"name":"wp","href":"https:\/\/api.w.org\/{rel}","templated":true}]}}