{"id":119,"date":"2024-12-06T17:27:59","date_gmt":"2024-12-06T16:27:59","guid":{"rendered":"https:\/\/exp-ense.fr\/?page_id=119"},"modified":"2024-12-06T17:29:38","modified_gmt":"2024-12-06T16:29:38","slug":"retours","status":"publish","type":"page","link":"https:\/\/exp-ense.fr\/index.php\/retours\/","title":{"rendered":"Retours"},"content":{"rendered":"[et_pb_section fb_built=&#8221;1&#8243; admin_label=&#8221;section&#8221; _builder_version=&#8221;3.22&#8243;][et_pb_row admin_label=&#8221;row&#8221; _builder_version=&#8221;3.25&#8243; background_size=&#8221;initial&#8221; background_position=&#8221;top_left&#8221; background_repeat=&#8221;repeat&#8221;][et_pb_column type=&#8221;4_4&#8243; _builder_version=&#8221;3.25&#8243; custom_padding=&#8221;|||&#8221; custom_padding__hover=&#8221;|||&#8221;][et_pb_text admin_label=&#8221;Text&#8221; _builder_version=&#8221;4.9.10&#8243; background_size=&#8221;initial&#8221; background_position=&#8221;top_left&#8221; background_repeat=&#8221;repeat&#8221;]<h2 style=\"text-align: center;\"><strong>Retours<\/strong><\/h2>\n<p><strong><\/strong><\/p>\n<p>Demander \u00e0\u00a0:<br \/>&#8211; St\u00e9phanie Collos (et\/ou d\u2019autres personnes de son service)<br \/>&#8211; Christie (ancienne directrice de Solid\u2019air)<br \/>&#8211; Peggy (maman ayant particip\u00e9 plusieurs fois)<br \/>&#8211; Elise (maman ayant particip\u00e9 et \u00e9t\u00e9 actrice)<\/p>\n<p><br \/><br \/>d\u2019\u00e9crire chacune 3\/4 lignes de retour sur leur participation en 2022\/23\u00a0? <br \/>( leur demander de r\u00e9pondre \u00e0\u00a0: \u00ab\u00a0-quelle a \u00e9t\u00e9 votre v\u00e9cu\/impression suite \u00e0 cette\/ces s\u00e9ances\u00a0? &#8211; recommanderiez-vous \u00e0 une structure qui accueille des parents de faire appel \u00e0 nous\u00a0?ou \u00e0 des parents de participer \u00e0 une s\u00e9ance?\u00a0\u00bb)<\/p>\n<p>&nbsp;<\/p>\n<p>&nbsp;<\/p>\n<p>&nbsp;<\/p>\n<p><\/p>[\/et_pb_text][\/et_pb_column][\/et_pb_row][\/et_pb_section]","protected":false},"excerpt":{"rendered":"<p>Retours Demander \u00e0\u00a0:- St\u00e9phanie Collos (et\/ou d\u2019autres personnes de son service)- Christie (ancienne directrice de Solid\u2019air)- Peggy (maman ayant particip\u00e9 plusieurs fois)- Elise (maman ayant particip\u00e9 et \u00e9t\u00e9 actrice) d\u2019\u00e9crire chacune 3\/4 lignes de retour sur leur participation en 2022\/23\u00a0? ( leur demander de r\u00e9pondre \u00e0\u00a0: \u00ab\u00a0-quelle a \u00e9t\u00e9 votre v\u00e9cu\/impression suite \u00e0 cette\/ces s\u00e9ances\u00a0? [&hellip;]<\/p>\n","protected":false},"author":1,"featured_media":0,"parent":0,"menu_order":0,"comment_status":"closed","ping_status":"closed","template":"","meta":{"_et_pb_use_builder":"on","_et_pb_old_content":"","_et_gb_content_width":"","footnotes":""},"class_list":["post-119","page","type-page","status-publish","hentry"],"_links":{"self":[{"href":"https:\/\/exp-ense.fr\/index.php\/wp-json\/wp\/v2\/pages\/119","targetHints":{"allow":["GET"]}}],"collection":[{"href":"https:\/\/exp-ense.fr\/index.php\/wp-json\/wp\/v2\/pages"}],"about":[{"href":"https:\/\/exp-ense.fr\/index.php\/wp-json\/wp\/v2\/types\/page"}],"author":[{"embeddable":true,"href":"https:\/\/exp-ense.fr\/index.php\/wp-json\/wp\/v2\/users\/1"}],"replies":[{"embeddable":true,"href":"https:\/\/exp-ense.fr\/index.php\/wp-json\/wp\/v2\/comments?post=119"}],"version-history":[{"count":3,"href":"https:\/\/exp-ense.fr\/index.php\/wp-json\/wp\/v2\/pages\/119\/revisions"}],"predecessor-version":[{"id":123,"href":"https:\/\/exp-ense.fr\/index.php\/wp-json\/wp\/v2\/pages\/119\/revisions\/123"}],"wp:attachment":[{"href":"https:\/\/exp-ense.fr\/index.php\/wp-json\/wp\/v2\/media?parent=119"}],"curies":[{"name":"wp","href":"https:\/\/api.w.org\/{rel}","templated":true}]}}