{"id":113,"date":"2024-12-06T17:20:54","date_gmt":"2024-12-06T16:20:54","guid":{"rendered":"https:\/\/exp-ense.fr\/?page_id=113"},"modified":"2024-12-06T17:27:39","modified_gmt":"2024-12-06T16:27:39","slug":"les-seances","status":"publish","type":"page","link":"https:\/\/exp-ense.fr\/index.php\/les-seances\/","title":{"rendered":"Les s\u00e9ances"},"content":{"rendered":"[et_pb_section fb_built=&#8221;1&#8243; admin_label=&#8221;section&#8221; _builder_version=&#8221;3.22&#8243;][et_pb_row admin_label=&#8221;row&#8221; _builder_version=&#8221;3.25&#8243; background_size=&#8221;initial&#8221; background_position=&#8221;top_left&#8221; background_repeat=&#8221;repeat&#8221; hover_enabled=&#8221;0&#8243; sticky_enabled=&#8221;0&#8243; custom_padding=&#8221;34px|||84px||&#8221;][et_pb_column type=&#8221;4_4&#8243; _builder_version=&#8221;3.25&#8243; custom_padding=&#8221;|||&#8221; custom_padding__hover=&#8221;|||&#8221;][et_pb_text admin_label=&#8221;Text&#8221; _builder_version=&#8221;4.9.10&#8243; background_size=&#8221;initial&#8221; background_position=&#8221;top_left&#8221; background_repeat=&#8221;repeat&#8221; hover_enabled=&#8221;0&#8243; sticky_enabled=&#8221;0&#8243; custom_padding=&#8221;|||1px||&#8221;]<div><\/div>\n<h2 style=\"text-align: center;\">Les s\u00e9ances\u00a0<\/h2>\n<p><em><\/em><\/p>\n<p><em><\/em><\/p>\n<p><em>Tableau \u00e0 transformer en image et \u00e0 coller ici<\/em><\/p>\n<div><\/div>\n<div><\/div>\n<div><\/div>\n<div><\/div>\n<div><\/div>\n<div><\/div>\n<div><\/div>\n<div><\/div>\n<div><\/div>\n<div>Le d\u00e9roulement d\u2019une s\u00e9ance \u00ab Formule B ou C \u00bb:<\/div>\n<div><\/div>\n<div>1- Accueil et pr\u00e9sentation<\/div>\n<div>Nous proposon aux participants un cadre favorisant l\u2019expression de chacun ainsi que le jeu sur sc\u00e8ne. Nous appelons ce cadre l\u2019 \u00ab espace de libert\u00e9 \u00bb.<\/div>\n<div>2- Choix des deux th\u00e8mes mis en sc\u00e8ne par le groupe<\/div>\n<div>Nous accompagnerons le groupe dans le choix des deux th\u00e9matiques qui donneront lieu \u00e0 des sc\u00e9nettes (exemple : les conflits autour des \u00e9crans, la s\u00e9paration avec mon enfant, les familles recompos\u00e9es\u2026)<\/div>\n<div>3- Ecriture collective de la trame des deux sc\u00e9nettes<\/div>\n<div>Les paticipants, scind\u00e9s en deux groupes, participeront \u00e0 la cr\u00e9ation des sc\u00e9nettes avec l\u2019accompagnement des facilitateurs.<\/div>\n<div>4- Jeu de la premi\u00e8re sc\u00e9nette<\/div>\n<div>La premi\u00e8re sc\u00e9nette cr\u00e9\u00e9e sera jou\u00e9e une premi\u00e8re fois par le groupe des participant , devant le second groupe (qui sera le public)<\/div>\n<div>5 Temps de d\u00e9bat et de remplacements des personnages<\/div>\n<div>Le facilitateur de la s\u00e9ance, accompagnera ensuite le public, alternant des temps de d\u00e9bat et de jeu sur sc\u00e8ne, \u00e0 partir des propositions qui \u00e9mergent de ces d\u00e9bats.<\/div>\n<div><\/div>\n<div>Le m\u00eame d\u00e9roul\u00e9 aura lieu pour la seconde sc\u00e9nette (phases 4 et 5) dans l\u2019apr\u00e8s-midi (formule C) ou \u00e0 la s\u00e9ance suivante (formule B)<\/div>\n<div><\/div>\n<div>Temps de cl\u00f4ture<\/div>\n<div>Les participants seront invit\u00e9s, s\u2019ils le souhaitent, \u00e0 partager leurs ressentis et la mani\u00e8re dont ils ont v\u00e9cu la s\u00e9ance<\/div>\n<div><\/div>\n<div><\/div>\n<div>Le d\u00e9roulement d\u2019une s\u00e9ance \u00ab Formule A \u00bb :<\/div>\n<div><\/div>\n<div>Le d\u00e9roulement est le m\u00eame que ci-dessus, sauf pour les phases 2 et 3 :<\/div>\n<div>phase 2 : le th\u00e8me est d\u00e9cid\u00e9 \u00e0 l\u2019avance (soit par la structure elle-m\u00eame, soit par un sondage pr\u00e9alable)<\/div>\n<div>phase 3 et 4: la sc\u00e8ne initiale est jou\u00e9e par des acteurs ext\u00e9rieurs qui ont cr\u00e9\u00e9s et pr\u00e9par\u00e9 la sc\u00e8ne en amont sur le th\u00e8me donn\u00e9.<\/div>\n<div>(A noter que le public garde la possibilit\u00e9 de faire des remplacements de r\u00f4le en phase 5)<\/div>\n<p>&nbsp;<\/p>\n<p>&nbsp;<\/p>\n<p>&nbsp;<\/p>\n<p>&nbsp;<\/p>\n<p><\/p>[\/et_pb_text][\/et_pb_column][\/et_pb_row][\/et_pb_section]<!-- \/wp:post-content -->","protected":false},"excerpt":{"rendered":"<p>Les s\u00e9ances\u00a0 Tableau \u00e0 transformer en image et \u00e0 coller ici Le d\u00e9roulement d\u2019une s\u00e9ance \u00ab Formule B ou C \u00bb: 1- Accueil et pr\u00e9sentation Nous proposon aux participants un cadre favorisant l\u2019expression de chacun ainsi que le jeu sur sc\u00e8ne. Nous appelons ce cadre l\u2019 \u00ab espace de libert\u00e9 \u00bb. 2- Choix des deux [&hellip;]<\/p>\n","protected":false},"author":1,"featured_media":0,"parent":0,"menu_order":0,"comment_status":"closed","ping_status":"closed","template":"","meta":{"_et_pb_use_builder":"on","_et_pb_old_content":"","_et_gb_content_width":"","footnotes":""},"class_list":["post-113","page","type-page","status-publish","hentry"],"_links":{"self":[{"href":"https:\/\/exp-ense.fr\/index.php\/wp-json\/wp\/v2\/pages\/113","targetHints":{"allow":["GET"]}}],"collection":[{"href":"https:\/\/exp-ense.fr\/index.php\/wp-json\/wp\/v2\/pages"}],"about":[{"href":"https:\/\/exp-ense.fr\/index.php\/wp-json\/wp\/v2\/types\/page"}],"author":[{"embeddable":true,"href":"https:\/\/exp-ense.fr\/index.php\/wp-json\/wp\/v2\/users\/1"}],"replies":[{"embeddable":true,"href":"https:\/\/exp-ense.fr\/index.php\/wp-json\/wp\/v2\/comments?post=113"}],"version-history":[{"count":4,"href":"https:\/\/exp-ense.fr\/index.php\/wp-json\/wp\/v2\/pages\/113\/revisions"}],"predecessor-version":[{"id":118,"href":"https:\/\/exp-ense.fr\/index.php\/wp-json\/wp\/v2\/pages\/113\/revisions\/118"}],"wp:attachment":[{"href":"https:\/\/exp-ense.fr\/index.php\/wp-json\/wp\/v2\/media?parent=113"}],"curies":[{"name":"wp","href":"https:\/\/api.w.org\/{rel}","templated":true}]}}